{"id":5364,"date":"2023-05-18T20:47:24","date_gmt":"2023-05-18T19:47:24","guid":{"rendered":"https:\/\/hotel-lovran.hr\/legal-information\/"},"modified":"2025-10-23T11:05:41","modified_gmt":"2025-10-23T10:05:41","slug":"informazioni-legali","status":"publish","type":"page","link":"https:\/\/hotel-lovran.hr\/it\/informazioni-legali\/","title":{"rendered":"Informazioni legali"},"content":{"rendered":"\n<p><strong>POL-MOT d.o.o.<\/strong><\/p>\n\n\n\n<p>OIB: 63283241952<br>MBS:&nbsp; 040161741<\/p>\n\n\n\n<p>Conto bancario:<br>SLATINSKA BANKA D.D.<br>IBAN: HR0424 1200 9113 9005 281<br>SWIFT: SBSLHR2X<\/p>\n\n\n\n<p>Sede centrale:&nbsp;<br>\u0160etali\u0161te Mar\u0161ala Tita 19\/2, 51415 Lovran<\/p>\n\n\n\n<p>Hotel manager: Katarina Beni\u0107<\/p>\n\n\n\n<p>L\u2019importo del capitale azionario della societ\u00e0, e se il capitale \u00e8 stato interamente versato: 18.151.400,00 kuna \/ 2.409.104,78 euro (tasso di conversione fisso 7.53450).<\/p>\n\n\n\n<p>POL-MOT d.o.o. (societ\u00e0 a responsabilit\u00e0 limitata) elencato nel registro del Tribunale commerciale di Rijeka.<\/p>\n\n\n\n<div style=\"height:35px\" aria-hidden=\"true\" class=\"wp-block-spacer\"><\/div>\n\n\n\n<p><strong>Foto di:<\/strong> 360 Provideo, Federiko Sterle, Foto Luigi, Vladimir Franoli\u0107, Kumi\u010di\u0107, Mia Lacmanovi\u0107<\/p>\n","protected":false},"excerpt":{"rendered":"<p>POL-MOT d.o.o. OIB: 63283241952MBS:&nbsp; 040161741 Conto bancario:SLATINSKA BANKA D.D.IBAN: HR0424 1200 9113 9005 281SWIFT: SBSLHR2X Sede centrale:&nbsp;\u0160etali\u0161te Mar\u0161ala Tita 19\/2, 51415 Lovran Hotel manager: Katarina Beni\u0107 L\u2019importo del capitale azionario della societ\u00e0, e se il capitale \u00e8 stato interamente versato: 18.151.400,00 kuna \/ 2.409.104,78 euro (tasso di conversione fisso 7.53450). POL-MOT d.o.o. (societ\u00e0 a responsabilit\u00e0 [&hellip;]<\/p>\n","protected":false},"author":2,"featured_media":0,"parent":0,"menu_order":0,"comment_status":"closed","ping_status":"closed","template":"","meta":{"_acf_changed":false,"footnotes":""},"class_list":["post-5364","page","type-page","status-publish","hentry"],"acf":[],"_links":{"self":[{"href":"https:\/\/hotel-lovran.hr\/it\/wp-json\/wp\/v2\/pages\/5364","targetHints":{"allow":["GET"]}}],"collection":[{"href":"https:\/\/hotel-lovran.hr\/it\/wp-json\/wp\/v2\/pages"}],"about":[{"href":"https:\/\/hotel-lovran.hr\/it\/wp-json\/wp\/v2\/types\/page"}],"author":[{"embeddable":true,"href":"https:\/\/hotel-lovran.hr\/it\/wp-json\/wp\/v2\/users\/2"}],"replies":[{"embeddable":true,"href":"https:\/\/hotel-lovran.hr\/it\/wp-json\/wp\/v2\/comments?post=5364"}],"version-history":[{"count":0,"href":"https:\/\/hotel-lovran.hr\/it\/wp-json\/wp\/v2\/pages\/5364\/revisions"}],"wp:attachment":[{"href":"https:\/\/hotel-lovran.hr\/it\/wp-json\/wp\/v2\/media?parent=5364"}],"curies":[{"name":"wp","href":"https:\/\/api.w.org\/{rel}","templated":true}]}}